{"id":4259,"date":"2020-03-27T14:17:17","date_gmt":"2020-03-27T13:17:17","guid":{"rendered":"https:\/\/www.4-eck.com\/?post_type=product&#038;p=4259"},"modified":"2025-10-29T13:47:58","modified_gmt":"2025-10-29T12:47:58","slug":"gutschein-3","status":"publish","type":"product","link":"https:\/\/4-eck.com\/en\/produkt\/gutschein-3\/","title":{"rendered":"Gutschein &#8220;Chefs choice Men\u00fc&#8221;"},"content":{"rendered":"","protected":false},"excerpt":{"rendered":"<p>6-Gang-Men\u00fc f\u00fcr 2 Personen<\/p>\n<p>mit Apero &amp; Weinbegleitung<\/p>\n","protected":false},"featured_media":41412,"template":"","meta":{"_exactmetrics_skip_tracking":false,"_exactmetrics_sitenote_active":false,"_exactmetrics_sitenote_note":"","_exactmetrics_sitenote_category":0},"product_brand":[],"product_cat":[34],"product_tag":[73,72,55,71],"class_list":{"0":"post-4259","1":"product","2":"type-product","3":"status-publish","4":"has-post-thumbnail","6":"product_cat-gutschein","7":"product_tag-dinner-fuer-2","8":"product_tag-geschenk","9":"product_tag-gutschein","10":"product_tag-menue","11":"description-off","13":"first","14":"instock","15":"virtual","16":"purchasable","17":"product-type-simple"},"yoast_head":"<!-- This site is optimized with the Yoast SEO plugin v27.3 - https:\/\/yoast.com\/product\/yoast-seo-wordpress\/ -->\n<title>Gutschein &quot;Chefs choice Men\u00fc&quot; - 4Eck Restaurant Garmisch-Partenkirchen<\/title>\n<meta name=\"description\" content=\"Gutschein f\u00fcr das 4Eck Restaurant Garmisch-Partenkirchen f\u00fcr ein Chefs Choice Men\u00fc, 6 G\u00e4nge, Weinbegleitung, Aperitif f\u00fcr 2 Personen\" \/>\n<meta name=\"robots\" content=\"index, follow, max-snippet:-1, max-image-preview:large, max-video-preview:-1\" \/>\n<link rel=\"canonical\" href=\"https:\/\/4-eck.com\/produkt\/gutschein-3\/\" \/>\n<meta property=\"og:locale\" content=\"en_US\" \/>\n<meta property=\"og:type\" content=\"article\" \/>\n<meta property=\"og:title\" content=\"Gutschein &quot;Chefs choice Men\u00fc&quot; - 4Eck Restaurant Garmisch-Partenkirchen\" \/>\n<meta property=\"og:description\" content=\"Gutschein f\u00fcr das 4Eck Restaurant Garmisch-Partenkirchen f\u00fcr ein Chefs Choice Men\u00fc, 6 G\u00e4nge, Weinbegleitung, Aperitif f\u00fcr 2 Personen\" \/>\n<meta property=\"og:url\" content=\"https:\/\/4-eck.com\/produkt\/gutschein-3\/\" \/>\n<meta property=\"og:site_name\" content=\"4Eck Restaurant Garmisch-Partenkirchen\" \/>\n<meta property=\"article:modified_time\" content=\"2025-10-29T12:47:58+00:00\" \/>\n<meta property=\"og:image\" content=\"https:\/\/4-eck.com\/wp-content\/uploads\/2025\/10\/2-2-1024x1024.png\" \/>\n\t<meta property=\"og:image:width\" content=\"1024\" \/>\n\t<meta property=\"og:image:height\" content=\"1024\" \/>\n\t<meta property=\"og:image:type\" content=\"image\/png\" \/>\n<meta name=\"twitter:card\" content=\"summary_large_image\" \/>\n<meta name=\"twitter:label1\" content=\"Est. reading time\" \/>\n\t<meta name=\"twitter:data1\" content=\"1 minute\" \/>\n<script type=\"application\/ld+json\" class=\"yoast-schema-graph\">{\"@context\":\"https:\\\/\\\/schema.org\",\"@graph\":[{\"@type\":\"WebPage\",\"@id\":\"https:\\\/\\\/4-eck.com\\\/produkt\\\/gutschein-3\\\/\",\"url\":\"https:\\\/\\\/4-eck.com\\\/produkt\\\/gutschein-3\\\/\",\"name\":\"Gutschein \\\"Chefs choice Men\u00fc\\\" - 4Eck Restaurant Garmisch-Partenkirchen\",\"isPartOf\":{\"@id\":\"https:\\\/\\\/4-eck.com\\\/#website\"},\"primaryImageOfPage\":{\"@id\":\"https:\\\/\\\/4-eck.com\\\/produkt\\\/gutschein-3\\\/#primaryimage\"},\"image\":{\"@id\":\"https:\\\/\\\/4-eck.com\\\/produkt\\\/gutschein-3\\\/#primaryimage\"},\"thumbnailUrl\":\"https:\\\/\\\/4-eck.com\\\/wp-content\\\/uploads\\\/2025\\\/10\\\/2-2.png\",\"datePublished\":\"2020-03-27T13:17:17+00:00\",\"dateModified\":\"2025-10-29T12:47:58+00:00\",\"description\":\"Gutschein f\u00fcr das 4Eck Restaurant Garmisch-Partenkirchen f\u00fcr ein Chefs Choice Men\u00fc, 6 G\u00e4nge, Weinbegleitung, Aperitif f\u00fcr 2 Personen\",\"breadcrumb\":{\"@id\":\"https:\\\/\\\/4-eck.com\\\/produkt\\\/gutschein-3\\\/#breadcrumb\"},\"inLanguage\":\"en-US\",\"potentialAction\":[{\"@type\":\"ReadAction\",\"target\":[\"https:\\\/\\\/4-eck.com\\\/produkt\\\/gutschein-3\\\/\"]}]},{\"@type\":\"ImageObject\",\"inLanguage\":\"en-US\",\"@id\":\"https:\\\/\\\/4-eck.com\\\/produkt\\\/gutschein-3\\\/#primaryimage\",\"url\":\"https:\\\/\\\/4-eck.com\\\/wp-content\\\/uploads\\\/2025\\\/10\\\/2-2.png\",\"contentUrl\":\"https:\\\/\\\/4-eck.com\\\/wp-content\\\/uploads\\\/2025\\\/10\\\/2-2.png\",\"width\":2160,\"height\":2160,\"caption\":\"Geschenk-Idee Gutschein 4Eck Garmisch\"},{\"@type\":\"BreadcrumbList\",\"@id\":\"https:\\\/\\\/4-eck.com\\\/produkt\\\/gutschein-3\\\/#breadcrumb\",\"itemListElement\":[{\"@type\":\"ListItem\",\"position\":1,\"name\":\"Startseite\",\"item\":\"https:\\\/\\\/4-eck.com\\\/en\\\/\"},{\"@type\":\"ListItem\",\"position\":2,\"name\":\"Shop\",\"item\":\"https:\\\/\\\/4-eck.com\\\/shop\\\/\"},{\"@type\":\"ListItem\",\"position\":3,\"name\":\"Gutschein &#8222;Chefs choice Men\u00fc&#8220;\"}]},{\"@type\":\"WebSite\",\"@id\":\"https:\\\/\\\/4-eck.com\\\/#website\",\"url\":\"https:\\\/\\\/4-eck.com\\\/\",\"name\":\"4Eck Restaurant Garmisch-Partenkirchen\",\"description\":\"Restaurant in Garmisch-Partenkirchen, Event-Location, Hochzeitsplanerservice, Horseboxbar, Betriebsberatung\",\"potentialAction\":[{\"@type\":\"SearchAction\",\"target\":{\"@type\":\"EntryPoint\",\"urlTemplate\":\"https:\\\/\\\/4-eck.com\\\/?s={search_term_string}\"},\"query-input\":{\"@type\":\"PropertyValueSpecification\",\"valueRequired\":true,\"valueName\":\"search_term_string\"}}],\"inLanguage\":\"en-US\"}]}<\/script>\n<!-- \/ Yoast SEO plugin. -->","yoast_head_json":{"title":"Gutschein \"Chefs choice Men\u00fc\" - 4Eck Restaurant Garmisch-Partenkirchen","description":"Gutschein f\u00fcr das 4Eck Restaurant Garmisch-Partenkirchen f\u00fcr ein Chefs Choice Men\u00fc, 6 G\u00e4nge, Weinbegleitung, Aperitif f\u00fcr 2 Personen","robots":{"index":"index","follow":"follow","max-snippet":"max-snippet:-1","max-image-preview":"max-image-preview:large","max-video-preview":"max-video-preview:-1"},"canonical":"https:\/\/4-eck.com\/produkt\/gutschein-3\/","og_locale":"en_US","og_type":"article","og_title":"Gutschein \"Chefs choice Men\u00fc\" - 4Eck Restaurant Garmisch-Partenkirchen","og_description":"Gutschein f\u00fcr das 4Eck Restaurant Garmisch-Partenkirchen f\u00fcr ein Chefs Choice Men\u00fc, 6 G\u00e4nge, Weinbegleitung, Aperitif f\u00fcr 2 Personen","og_url":"https:\/\/4-eck.com\/produkt\/gutschein-3\/","og_site_name":"4Eck Restaurant Garmisch-Partenkirchen","article_modified_time":"2025-10-29T12:47:58+00:00","og_image":[{"width":1024,"height":1024,"url":"https:\/\/4-eck.com\/wp-content\/uploads\/2025\/10\/2-2-1024x1024.png","type":"image\/png"}],"twitter_card":"summary_large_image","twitter_misc":{"Est. reading time":"1 minute"},"schema":{"@context":"https:\/\/schema.org","@graph":[{"@type":"WebPage","@id":"https:\/\/4-eck.com\/produkt\/gutschein-3\/","url":"https:\/\/4-eck.com\/produkt\/gutschein-3\/","name":"Gutschein \"Chefs choice Men\u00fc\" - 4Eck Restaurant Garmisch-Partenkirchen","isPartOf":{"@id":"https:\/\/4-eck.com\/#website"},"primaryImageOfPage":{"@id":"https:\/\/4-eck.com\/produkt\/gutschein-3\/#primaryimage"},"image":{"@id":"https:\/\/4-eck.com\/produkt\/gutschein-3\/#primaryimage"},"thumbnailUrl":"https:\/\/4-eck.com\/wp-content\/uploads\/2025\/10\/2-2.png","datePublished":"2020-03-27T13:17:17+00:00","dateModified":"2025-10-29T12:47:58+00:00","description":"Gutschein f\u00fcr das 4Eck Restaurant Garmisch-Partenkirchen f\u00fcr ein Chefs Choice Men\u00fc, 6 G\u00e4nge, Weinbegleitung, Aperitif f\u00fcr 2 Personen","breadcrumb":{"@id":"https:\/\/4-eck.com\/produkt\/gutschein-3\/#breadcrumb"},"inLanguage":"en-US","potentialAction":[{"@type":"ReadAction","target":["https:\/\/4-eck.com\/produkt\/gutschein-3\/"]}]},{"@type":"ImageObject","inLanguage":"en-US","@id":"https:\/\/4-eck.com\/produkt\/gutschein-3\/#primaryimage","url":"https:\/\/4-eck.com\/wp-content\/uploads\/2025\/10\/2-2.png","contentUrl":"https:\/\/4-eck.com\/wp-content\/uploads\/2025\/10\/2-2.png","width":2160,"height":2160,"caption":"Geschenk-Idee Gutschein 4Eck Garmisch"},{"@type":"BreadcrumbList","@id":"https:\/\/4-eck.com\/produkt\/gutschein-3\/#breadcrumb","itemListElement":[{"@type":"ListItem","position":1,"name":"Startseite","item":"https:\/\/4-eck.com\/en\/"},{"@type":"ListItem","position":2,"name":"Shop","item":"https:\/\/4-eck.com\/shop\/"},{"@type":"ListItem","position":3,"name":"Gutschein &#8222;Chefs choice Men\u00fc&#8220;"}]},{"@type":"WebSite","@id":"https:\/\/4-eck.com\/#website","url":"https:\/\/4-eck.com\/","name":"4Eck Restaurant Garmisch-Partenkirchen","description":"Restaurant in Garmisch-Partenkirchen, Event-Location, Hochzeitsplanerservice, Horseboxbar, Betriebsberatung","potentialAction":[{"@type":"SearchAction","target":{"@type":"EntryPoint","urlTemplate":"https:\/\/4-eck.com\/?s={search_term_string}"},"query-input":{"@type":"PropertyValueSpecification","valueRequired":true,"valueName":"search_term_string"}}],"inLanguage":"en-US"}]}},"_links":{"self":[{"href":"https:\/\/4-eck.com\/en\/wp-json\/wp\/v2\/product\/4259","targetHints":{"allow":["GET"]}}],"collection":[{"href":"https:\/\/4-eck.com\/en\/wp-json\/wp\/v2\/product"}],"about":[{"href":"https:\/\/4-eck.com\/en\/wp-json\/wp\/v2\/types\/product"}],"wp:featuredmedia":[{"embeddable":true,"href":"https:\/\/4-eck.com\/en\/wp-json\/wp\/v2\/media\/41412"}],"wp:attachment":[{"href":"https:\/\/4-eck.com\/en\/wp-json\/wp\/v2\/media?parent=4259"}],"wp:term":[{"taxonomy":"product_brand","embeddable":true,"href":"https:\/\/4-eck.com\/en\/wp-json\/wp\/v2\/product_brand?post=4259"},{"taxonomy":"product_cat","embeddable":true,"href":"https:\/\/4-eck.com\/en\/wp-json\/wp\/v2\/product_cat?post=4259"},{"taxonomy":"product_tag","embeddable":true,"href":"https:\/\/4-eck.com\/en\/wp-json\/wp\/v2\/product_tag?post=4259"}],"curies":[{"name":"wp","href":"https:\/\/api.w.org\/{rel}","templated":true}]}}